{"id":46,"date":"2023-09-17T14:21:10","date_gmt":"2023-09-17T12:21:10","guid":{"rendered":"https:\/\/www.revele-experiences.com\/fauchille\/?page_id=46"},"modified":"2024-08-01T06:08:45","modified_gmt":"2024-08-01T04:08:45","slug":"hotels-workplace-campus-bien-etre","status":"publish","type":"page","link":"http:\/\/revele-experiences.com\/","title":{"rendered":"ACCUEIL"},"content":{"rendered":"\n<p><strong>R\u00c9V\u00c8LE EXP\u00c9RIENCES<\/strong><\/p>\n\n\n\n<p>R\u00e9v\u00e9ler la raison d&#8217;\u00eatre d&#8217;un lieu&nbsp;&nbsp;pour unir autour du sens.<\/p>\n\n\n\n<p>D\u00e9velopper des imaginaires pour des lieux vivants.<\/p>\n\n\n\n<p>H\u00f4tels &#8211;  Workplace &#8211; Campus &#8211; Bien-\u00eatre<\/p>\n\n\n\n<figure class=\"wp-block-gallery has-nested-images columns-default is-cropped wp-block-gallery-1 is-layout-flex wp-block-gallery-is-layout-flex\"><div class=\"wp-block-image\">\n<figure class=\"aligncenter size-large\"><img loading=\"lazy\" decoding=\"async\" width=\"1024\" height=\"683\" data-id=\"346\" src=\"http:\/\/revele-experiences.com\/wp-content\/uploads\/2024\/07\/bouchent-mains-tenant-outil-poterie_23-2148986298-1024x683.jpg\" alt=\"\" class=\"wp-image-346\" srcset=\"https:\/\/revele-experiences.com\/wp-content\/uploads\/2024\/07\/bouchent-mains-tenant-outil-poterie_23-2148986298-1024x683.jpg 1024w, https:\/\/revele-experiences.com\/wp-content\/uploads\/2024\/07\/bouchent-mains-tenant-outil-poterie_23-2148986298-300x200.jpg 300w, https:\/\/revele-experiences.com\/wp-content\/uploads\/2024\/07\/bouchent-mains-tenant-outil-poterie_23-2148986298-768x512.jpg 768w, https:\/\/revele-experiences.com\/wp-content\/uploads\/2024\/07\/bouchent-mains-tenant-outil-poterie_23-2148986298-1536x1024.jpg 1536w, https:\/\/revele-experiences.com\/wp-content\/uploads\/2024\/07\/bouchent-mains-tenant-outil-poterie_23-2148986298.jpg 1800w\" sizes=\"auto, (max-width: 767px) 89vw, (max-width: 1000px) 54vw, (max-width: 1071px) 543px, 580px\" \/><\/figure>\n<\/div><\/figure>\n\n\n\n<p><\/p>\n\n\n\n<p><\/p>\n","protected":false},"excerpt":{"rendered":"<p>R\u00c9V\u00c8LE EXP\u00c9RIENCES R\u00e9v\u00e9ler la raison d&#8217;\u00eatre d&#8217;un lieu&nbsp;&nbsp;pour unir autour du sens. D\u00e9velopper des imaginaires pour des lieux vivants. H\u00f4tels &#8211; Workplace &#8211; Campus &#8211; Bien-\u00eatre<\/p>\n","protected":false},"author":1,"featured_media":101,"parent":0,"menu_order":0,"comment_status":"closed","ping_status":"closed","template":"","meta":{"footnotes":""},"class_list":["post-46","page","type-page","status-publish","has-post-thumbnail","hentry"],"_links":{"self":[{"href":"https:\/\/revele-experiences.com\/index.php\/wp-json\/wp\/v2\/pages\/46","targetHints":{"allow":["GET"]}}],"collection":[{"href":"https:\/\/revele-experiences.com\/index.php\/wp-json\/wp\/v2\/pages"}],"about":[{"href":"https:\/\/revele-experiences.com\/index.php\/wp-json\/wp\/v2\/types\/page"}],"author":[{"embeddable":true,"href":"https:\/\/revele-experiences.com\/index.php\/wp-json\/wp\/v2\/users\/1"}],"replies":[{"embeddable":true,"href":"https:\/\/revele-experiences.com\/index.php\/wp-json\/wp\/v2\/comments?post=46"}],"version-history":[{"count":23,"href":"https:\/\/revele-experiences.com\/index.php\/wp-json\/wp\/v2\/pages\/46\/revisions"}],"predecessor-version":[{"id":347,"href":"https:\/\/revele-experiences.com\/index.php\/wp-json\/wp\/v2\/pages\/46\/revisions\/347"}],"wp:featuredmedia":[{"embeddable":true,"href":"https:\/\/revele-experiences.com\/index.php\/wp-json\/wp\/v2\/media\/101"}],"wp:attachment":[{"href":"https:\/\/revele-experiences.com\/index.php\/wp-json\/wp\/v2\/media?parent=46"}],"curies":[{"name":"wp","href":"https:\/\/api.w.org\/{rel}","templated":true}]}}